{"id":3906,"date":"2021-05-24T16:00:21","date_gmt":"2021-05-24T14:00:21","guid":{"rendered":"https:\/\/yeux-coccinelle.fr\/blog\/?page_id=3906"},"modified":"2024-02-01T17:59:36","modified_gmt":"2024-02-01T16:59:36","slug":"contenu-exclusif","status":"publish","type":"page","link":"https:\/\/yeux-coccinelle.fr\/blog\/newsletter\/contenu-exclusif\/","title":{"rendered":"Contenus exclusifs"},"content":{"rendered":"\n<p>Actuellement la newsletter est en pause. Je me concentre sur le d\u00e9veloppement de mon activit\u00e9 de photographe publicitaire. Vous pouvez suivre mes actualit\u00e9s sur <a href=\"https:\/\/www.instagram.com\/laurelinereynaud\/\">@laurelinereynaud<\/a> et d\u00e9couvrir mon travail sur <a href=\"https:\/\/laureline-reynaud.fr\">mon portfolio<\/a>. <br><br>Ci-dessous, vous trouverez les contenus exclusifs distribu\u00e9s gratuitement aux abonn\u00e9s \u00e0 la newsletter depuis le printemps 2021. Certains articles sont d\u00e9sormais accessibles publiquement sur le blog, d&rsquo;autres qui \u00e9taient distribu\u00e9s gratuitement vont petit \u00e0 petit devenir payants. <\/p>\n\n\n\n<p>Pour toute question, n&rsquo;h\u00e9sitez pas \u00e0 me contacter \u00e0 l&rsquo;adresse <a href=\"mailto:hello@laureline-reynaud.fr\">hello@laureline-reynaud.fr<\/a>.<\/p>\n\n\n\n<ul>\n<li>JANVIER 2023. Automatiser sa facturation avec Notion.so <\/li>\n\n\n\n<li>JUILLET 2022. L&rsquo;atelier photo 2021-22 <em>(fin de la gratuit\u00e9 en 2024)<\/em><\/li>\n\n\n\n<li>JUIN 2022. <em>Elles font l&rsquo;abstraction<\/em><\/li>\n\n\n\n<li>AVRIL 2022. Qu&rsquo;est-ce qu&rsquo;une cession de droit ?<\/li>\n\n\n\n<li>FEVRIER\/MARS 2022. Mod\u00e8le de callsheet gratuit <em>(fin de la gratuit\u00e9 le 31 janvier 2024)<\/em><\/li>\n\n\n\n<li>JANVIER 2022. <em>Intimate Distance<\/em> de Todd Hido<\/li>\n\n\n\n<li>DECEMBRE 2021. <em>Organiser ses projets photo<\/em>, un template Notion gratuit <em>(fin de la gratuit\u00e9 en 2024)<\/em><\/li>\n\n\n\n<li>OCTOBRE 2021. <em>Scrublands<\/em> de Antoine Bruy<\/li>\n\n\n\n<li>AO\u00dbT\/SEPTEMBRE 2021. <em>Le shooting beaut\u00e9 de A \u00e0 Z<\/em> <em>(fin de la gratuit\u00e9 en 2024)<\/em><\/li>\n\n\n\n<li>JUILLET 2021. <em>Rivages<\/em> de Harry Gruyaert<\/li>\n\n\n\n<li>MAI 2021. <em>Road trips :&nbsp;voyages photographiques \u00e0 travers l&rsquo;Am\u00e9rique&nbsp;<\/em>de David Campany<\/li>\n<\/ul>\n","protected":false},"excerpt":{"rendered":"<p>Actuellement la newsletter est en pause. Je me concentre sur le d\u00e9veloppement de mon activit\u00e9 de photographe publicitaire. Vous pouvez suivre mes actualit\u00e9s sur @laurelinereynaud et d\u00e9couvrir mon travail sur mon portfolio. Ci-dessous, vous trouverez les contenus exclusifs distribu\u00e9s gratuitement aux abonn\u00e9s \u00e0 la newsletter depuis le printemps 2021. Certains articles sont d\u00e9sormais accessibles publiquement [&hellip;]<\/p>\n<a class=\"read-more-link\" href=\" https:\/\/yeux-coccinelle.fr\/blog\/newsletter\/contenu-exclusif\/ \">Lire la suite<\/a>","protected":false},"author":1,"featured_media":0,"parent":3648,"menu_order":0,"comment_status":"closed","ping_status":"closed","template":"","meta":{"footnotes":""},"yoast_head":"<!-- This site is optimized with the Yoast SEO plugin v23.4 - https:\/\/yoast.com\/wordpress\/plugins\/seo\/ -->\n<title>Contenus exclusifs - Par les yeux de la coccinelle<\/title>\n<meta name=\"robots\" content=\"index, follow, max-snippet:-1, max-image-preview:large, max-video-preview:-1\" \/>\n<link rel=\"canonical\" href=\"https:\/\/yeux-coccinelle.fr\/blog\/newsletter\/contenu-exclusif\/\" \/>\n<meta property=\"og:locale\" content=\"fr_FR\" \/>\n<meta property=\"og:type\" content=\"article\" \/>\n<meta property=\"og:title\" content=\"Contenus exclusifs - Par les yeux de la coccinelle\" \/>\n<meta property=\"og:description\" content=\"Actuellement la newsletter est en pause. Je me concentre sur le d\u00e9veloppement de mon activit\u00e9 de photographe publicitaire. Vous pouvez suivre mes actualit\u00e9s sur @laurelinereynaud et d\u00e9couvrir mon travail sur mon portfolio. Ci-dessous, vous trouverez les contenus exclusifs distribu\u00e9s gratuitement aux abonn\u00e9s \u00e0 la newsletter depuis le printemps 2021. Certains articles sont d\u00e9sormais accessibles publiquement [&hellip;]\" \/>\n<meta property=\"og:url\" content=\"https:\/\/yeux-coccinelle.fr\/blog\/newsletter\/contenu-exclusif\/\" \/>\n<meta property=\"og:site_name\" content=\"Par les yeux de la coccinelle\" \/>\n<meta property=\"article:modified_time\" content=\"2024-02-01T16:59:36+00:00\" \/>\n<meta name=\"twitter:card\" content=\"summary_large_image\" \/>\n<meta name=\"twitter:label1\" content=\"Dur\u00e9e de lecture estim\u00e9e\" \/>\n\t<meta name=\"twitter:data1\" content=\"1 minute\" \/>\n<script type=\"application\/ld+json\" class=\"yoast-schema-graph\">{\"@context\":\"https:\/\/schema.org\",\"@graph\":[{\"@type\":\"WebPage\",\"@id\":\"https:\/\/yeux-coccinelle.fr\/blog\/newsletter\/contenu-exclusif\/\",\"url\":\"https:\/\/yeux-coccinelle.fr\/blog\/newsletter\/contenu-exclusif\/\",\"name\":\"Contenus exclusifs - Par les yeux de la coccinelle\",\"isPartOf\":{\"@id\":\"https:\/\/yeux-coccinelle.fr\/blog\/#website\"},\"datePublished\":\"2021-05-24T14:00:21+00:00\",\"dateModified\":\"2024-02-01T16:59:36+00:00\",\"breadcrumb\":{\"@id\":\"https:\/\/yeux-coccinelle.fr\/blog\/newsletter\/contenu-exclusif\/#breadcrumb\"},\"inLanguage\":\"fr-FR\",\"potentialAction\":[{\"@type\":\"ReadAction\",\"target\":[\"https:\/\/yeux-coccinelle.fr\/blog\/newsletter\/contenu-exclusif\/\"]}]},{\"@type\":\"BreadcrumbList\",\"@id\":\"https:\/\/yeux-coccinelle.fr\/blog\/newsletter\/contenu-exclusif\/#breadcrumb\",\"itemListElement\":[{\"@type\":\"ListItem\",\"position\":1,\"name\":\"Accueil\",\"item\":\"https:\/\/yeux-coccinelle.fr\/blog\/\"},{\"@type\":\"ListItem\",\"position\":2,\"name\":\"Newsletter\",\"item\":\"https:\/\/yeux-coccinelle.fr\/blog\/?page_id=3648\"},{\"@type\":\"ListItem\",\"position\":3,\"name\":\"Contenus exclusifs\"}]},{\"@type\":\"WebSite\",\"@id\":\"https:\/\/yeux-coccinelle.fr\/blog\/#website\",\"url\":\"https:\/\/yeux-coccinelle.fr\/blog\/\",\"name\":\"Par les yeux de la coccinelle\",\"description\":\"partage d&#039;exp\u00e9rience et qu\u00eate d&#039;images\",\"publisher\":{\"@id\":\"https:\/\/yeux-coccinelle.fr\/blog\/#\/schema\/person\/a23d16b5d4e9f0e58474cb6e45973473\"},\"potentialAction\":[{\"@type\":\"SearchAction\",\"target\":{\"@type\":\"EntryPoint\",\"urlTemplate\":\"https:\/\/yeux-coccinelle.fr\/blog\/?s={search_term_string}\"},\"query-input\":{\"@type\":\"PropertyValueSpecification\",\"valueRequired\":true,\"valueName\":\"search_term_string\"}}],\"inLanguage\":\"fr-FR\"},{\"@type\":[\"Person\",\"Organization\"],\"@id\":\"https:\/\/yeux-coccinelle.fr\/blog\/#\/schema\/person\/a23d16b5d4e9f0e58474cb6e45973473\",\"name\":\"Laur\u00e9line Reynaud\",\"image\":{\"@type\":\"ImageObject\",\"inLanguage\":\"fr-FR\",\"@id\":\"https:\/\/yeux-coccinelle.fr\/blog\/#\/schema\/person\/image\/\",\"url\":\"https:\/\/yeux-coccinelle.fr\/blog\/wp-content\/uploads\/2021\/08\/vlcsnap-2021-08-10-11h28m42s985.png\",\"contentUrl\":\"https:\/\/yeux-coccinelle.fr\/blog\/wp-content\/uploads\/2021\/08\/vlcsnap-2021-08-10-11h28m42s985.png\",\"width\":1920,\"height\":1080,\"caption\":\"Laur\u00e9line Reynaud\"},\"logo\":{\"@id\":\"https:\/\/yeux-coccinelle.fr\/blog\/#\/schema\/person\/image\/\"},\"description\":\"Photographe beaut\u00e9 dipl\u00f4m\u00e9e de l'une des plus grande \u00e9coles de photographie Parisienne (Gobelins, l'\u00e9cole de l'image), je consid\u00e8re mon blog et mes r\u00e9seaux comme un journal. J'y relate mes 5 ann\u00e9es d'\u00e9tudes et ma professionnalisation : retours d'exp\u00e9riences, conseils et astuces de prise de vue ou de retouche, curation de contenu et inspirations, discussions Business, etc.\",\"sameAs\":[\"http:\/\/yeux-coccinelle.fr\",\"https:\/\/www.instagram.com\/yeux.coccinelle_blog\",\"https:\/\/www.pinterest.fr\/parlesyeuxdelacoccinelle\"]}]}<\/script>\n<!-- \/ Yoast SEO plugin. -->","yoast_head_json":{"title":"Contenus exclusifs - Par les yeux de la coccinelle","robots":{"index":"index","follow":"follow","max-snippet":"max-snippet:-1","max-image-preview":"max-image-preview:large","max-video-preview":"max-video-preview:-1"},"canonical":"https:\/\/yeux-coccinelle.fr\/blog\/newsletter\/contenu-exclusif\/","og_locale":"fr_FR","og_type":"article","og_title":"Contenus exclusifs - Par les yeux de la coccinelle","og_description":"Actuellement la newsletter est en pause. Je me concentre sur le d\u00e9veloppement de mon activit\u00e9 de photographe publicitaire. Vous pouvez suivre mes actualit\u00e9s sur @laurelinereynaud et d\u00e9couvrir mon travail sur mon portfolio. Ci-dessous, vous trouverez les contenus exclusifs distribu\u00e9s gratuitement aux abonn\u00e9s \u00e0 la newsletter depuis le printemps 2021. Certains articles sont d\u00e9sormais accessibles publiquement [&hellip;]","og_url":"https:\/\/yeux-coccinelle.fr\/blog\/newsletter\/contenu-exclusif\/","og_site_name":"Par les yeux de la coccinelle","article_modified_time":"2024-02-01T16:59:36+00:00","twitter_card":"summary_large_image","twitter_misc":{"Dur\u00e9e de lecture estim\u00e9e":"1 minute"},"schema":{"@context":"https:\/\/schema.org","@graph":[{"@type":"WebPage","@id":"https:\/\/yeux-coccinelle.fr\/blog\/newsletter\/contenu-exclusif\/","url":"https:\/\/yeux-coccinelle.fr\/blog\/newsletter\/contenu-exclusif\/","name":"Contenus exclusifs - Par les yeux de la coccinelle","isPartOf":{"@id":"https:\/\/yeux-coccinelle.fr\/blog\/#website"},"datePublished":"2021-05-24T14:00:21+00:00","dateModified":"2024-02-01T16:59:36+00:00","breadcrumb":{"@id":"https:\/\/yeux-coccinelle.fr\/blog\/newsletter\/contenu-exclusif\/#breadcrumb"},"inLanguage":"fr-FR","potentialAction":[{"@type":"ReadAction","target":["https:\/\/yeux-coccinelle.fr\/blog\/newsletter\/contenu-exclusif\/"]}]},{"@type":"BreadcrumbList","@id":"https:\/\/yeux-coccinelle.fr\/blog\/newsletter\/contenu-exclusif\/#breadcrumb","itemListElement":[{"@type":"ListItem","position":1,"name":"Accueil","item":"https:\/\/yeux-coccinelle.fr\/blog\/"},{"@type":"ListItem","position":2,"name":"Newsletter","item":"https:\/\/yeux-coccinelle.fr\/blog\/?page_id=3648"},{"@type":"ListItem","position":3,"name":"Contenus exclusifs"}]},{"@type":"WebSite","@id":"https:\/\/yeux-coccinelle.fr\/blog\/#website","url":"https:\/\/yeux-coccinelle.fr\/blog\/","name":"Par les yeux de la coccinelle","description":"partage d&#039;exp\u00e9rience et qu\u00eate d&#039;images","publisher":{"@id":"https:\/\/yeux-coccinelle.fr\/blog\/#\/schema\/person\/a23d16b5d4e9f0e58474cb6e45973473"},"potentialAction":[{"@type":"SearchAction","target":{"@type":"EntryPoint","urlTemplate":"https:\/\/yeux-coccinelle.fr\/blog\/?s={search_term_string}"},"query-input":{"@type":"PropertyValueSpecification","valueRequired":true,"valueName":"search_term_string"}}],"inLanguage":"fr-FR"},{"@type":["Person","Organization"],"@id":"https:\/\/yeux-coccinelle.fr\/blog\/#\/schema\/person\/a23d16b5d4e9f0e58474cb6e45973473","name":"Laur\u00e9line Reynaud","image":{"@type":"ImageObject","inLanguage":"fr-FR","@id":"https:\/\/yeux-coccinelle.fr\/blog\/#\/schema\/person\/image\/","url":"https:\/\/yeux-coccinelle.fr\/blog\/wp-content\/uploads\/2021\/08\/vlcsnap-2021-08-10-11h28m42s985.png","contentUrl":"https:\/\/yeux-coccinelle.fr\/blog\/wp-content\/uploads\/2021\/08\/vlcsnap-2021-08-10-11h28m42s985.png","width":1920,"height":1080,"caption":"Laur\u00e9line Reynaud"},"logo":{"@id":"https:\/\/yeux-coccinelle.fr\/blog\/#\/schema\/person\/image\/"},"description":"Photographe beaut\u00e9 dipl\u00f4m\u00e9e de l'une des plus grande \u00e9coles de photographie Parisienne (Gobelins, l'\u00e9cole de l'image), je consid\u00e8re mon blog et mes r\u00e9seaux comme un journal. J'y relate mes 5 ann\u00e9es d'\u00e9tudes et ma professionnalisation : retours d'exp\u00e9riences, conseils et astuces de prise de vue ou de retouche, curation de contenu et inspirations, discussions Business, etc.","sameAs":["http:\/\/yeux-coccinelle.fr","https:\/\/www.instagram.com\/yeux.coccinelle_blog","https:\/\/www.pinterest.fr\/parlesyeuxdelacoccinelle"]}]}},"jetpack_sharing_enabled":true,"_links":{"self":[{"href":"https:\/\/yeux-coccinelle.fr\/blog\/wp-json\/wp\/v2\/pages\/3906"}],"collection":[{"href":"https:\/\/yeux-coccinelle.fr\/blog\/wp-json\/wp\/v2\/pages"}],"about":[{"href":"https:\/\/yeux-coccinelle.fr\/blog\/wp-json\/wp\/v2\/types\/page"}],"author":[{"embeddable":true,"href":"https:\/\/yeux-coccinelle.fr\/blog\/wp-json\/wp\/v2\/users\/1"}],"replies":[{"embeddable":true,"href":"https:\/\/yeux-coccinelle.fr\/blog\/wp-json\/wp\/v2\/comments?post=3906"}],"version-history":[{"count":35,"href":"https:\/\/yeux-coccinelle.fr\/blog\/wp-json\/wp\/v2\/pages\/3906\/revisions"}],"predecessor-version":[{"id":6208,"href":"https:\/\/yeux-coccinelle.fr\/blog\/wp-json\/wp\/v2\/pages\/3906\/revisions\/6208"}],"up":[{"embeddable":true,"href":"https:\/\/yeux-coccinelle.fr\/blog\/wp-json\/wp\/v2\/pages\/3648"}],"wp:attachment":[{"href":"https:\/\/yeux-coccinelle.fr\/blog\/wp-json\/wp\/v2\/media?parent=3906"}],"curies":[{"name":"wp","href":"https:\/\/api.w.org\/{rel}","templated":true}]}}