{"id":3668,"date":"2021-04-20T22:14:37","date_gmt":"2021-04-20T20:14:37","guid":{"rendered":"https:\/\/yeux-coccinelle.fr\/blog\/?page_id=3668"},"modified":"2024-01-11T13:26:07","modified_gmt":"2024-01-11T12:26:07","slug":"newsletter-confirmation","status":"publish","type":"page","link":"https:\/\/yeux-coccinelle.fr\/blog\/newsletter\/newsletter-confirmation\/","title":{"rendered":"Newsletter : Confirmation"},"content":{"rendered":"\n<p>Merci d&rsquo;avoir souscrit \u00e0 la newsletter de Par les yeux de la coccinelle ! Ton inscription est maintenant confirm\u00e9e. <\/p>\n\n\n\n<p>Tu peux d\u00e9sormais acc\u00e9der \u00e0 tous les freebies et aux contenus exclusifs <a href=\"https:\/\/yeux-coccinelle.fr\/blog\/newsletter\/contenu-exclusif\/\">sur la page d\u00e9di\u00e9e<\/a>, avec le mot de passe : <em>paillettes<\/em>. Pas d&rsquo;inqui\u00e9tudes, ce code d&rsquo;acc\u00e8s et le lien vers la page secr\u00e8te te seront rappel\u00e9s dans chacun de mes mails mensuels !<\/p>\n\n\n\n<p><strong>Actuellement la newsletter est en pause. Je me concentre sur le d\u00e9veloppement de mon activit\u00e9 de photographe publicitaire. Vous pouvez suivre mes actualit\u00e9s sur&nbsp;<a href=\"https:\/\/www.instagram.com\/laurelinereynaud\/\">@laurelinereynaud<\/a>&nbsp;et d\u00e9couvrir mon travail sur&nbsp;<a href=\"https:\/\/laureline-reynaud.fr\/\">mon portfolio<\/a><\/strong> !<\/p>\n","protected":false},"excerpt":{"rendered":"<p>Merci d&rsquo;avoir souscrit \u00e0 la newsletter de Par les yeux de la coccinelle ! Ton inscription est maintenant confirm\u00e9e. Tu peux d\u00e9sormais acc\u00e9der \u00e0 tous les freebies et aux contenus exclusifs sur la page d\u00e9di\u00e9e, avec le mot de passe : paillettes. Pas d&rsquo;inqui\u00e9tudes, ce code d&rsquo;acc\u00e8s et le lien vers la page secr\u00e8te te [&hellip;]<\/p>\n<a class=\"read-more-link\" href=\" https:\/\/yeux-coccinelle.fr\/blog\/newsletter\/newsletter-confirmation\/ \">Lire la suite<\/a>","protected":false},"author":1,"featured_media":0,"parent":3648,"menu_order":0,"comment_status":"closed","ping_status":"closed","template":"","meta":{"footnotes":""},"yoast_head":"<!-- This site is optimized with the Yoast SEO plugin v23.4 - https:\/\/yoast.com\/wordpress\/plugins\/seo\/ -->\n<title>Newsletter : Confirmation - Par les yeux de la coccinelle<\/title>\n<meta name=\"robots\" content=\"index, follow, max-snippet:-1, max-image-preview:large, max-video-preview:-1\" \/>\n<link rel=\"canonical\" href=\"https:\/\/yeux-coccinelle.fr\/blog\/newsletter\/newsletter-confirmation\/\" \/>\n<meta property=\"og:locale\" content=\"fr_FR\" \/>\n<meta property=\"og:type\" content=\"article\" \/>\n<meta property=\"og:title\" content=\"Newsletter : Confirmation - Par les yeux de la coccinelle\" \/>\n<meta property=\"og:description\" content=\"Merci d&rsquo;avoir souscrit \u00e0 la newsletter de Par les yeux de la coccinelle ! Ton inscription est maintenant confirm\u00e9e. Tu peux d\u00e9sormais acc\u00e9der \u00e0 tous les freebies et aux contenus exclusifs sur la page d\u00e9di\u00e9e, avec le mot de passe : paillettes. Pas d&rsquo;inqui\u00e9tudes, ce code d&rsquo;acc\u00e8s et le lien vers la page secr\u00e8te te [&hellip;]\" \/>\n<meta property=\"og:url\" content=\"https:\/\/yeux-coccinelle.fr\/blog\/newsletter\/newsletter-confirmation\/\" \/>\n<meta property=\"og:site_name\" content=\"Par les yeux de la coccinelle\" \/>\n<meta property=\"article:modified_time\" content=\"2024-01-11T12:26:07+00:00\" \/>\n<meta name=\"twitter:card\" content=\"summary_large_image\" \/>\n<meta name=\"twitter:label1\" content=\"Dur\u00e9e de lecture estim\u00e9e\" \/>\n\t<meta name=\"twitter:data1\" content=\"1 minute\" \/>\n<script type=\"application\/ld+json\" class=\"yoast-schema-graph\">{\"@context\":\"https:\/\/schema.org\",\"@graph\":[{\"@type\":\"WebPage\",\"@id\":\"https:\/\/yeux-coccinelle.fr\/blog\/newsletter\/newsletter-confirmation\/\",\"url\":\"https:\/\/yeux-coccinelle.fr\/blog\/newsletter\/newsletter-confirmation\/\",\"name\":\"Newsletter : Confirmation - Par les yeux de la coccinelle\",\"isPartOf\":{\"@id\":\"https:\/\/yeux-coccinelle.fr\/blog\/#website\"},\"datePublished\":\"2021-04-20T20:14:37+00:00\",\"dateModified\":\"2024-01-11T12:26:07+00:00\",\"breadcrumb\":{\"@id\":\"https:\/\/yeux-coccinelle.fr\/blog\/newsletter\/newsletter-confirmation\/#breadcrumb\"},\"inLanguage\":\"fr-FR\",\"potentialAction\":[{\"@type\":\"ReadAction\",\"target\":[\"https:\/\/yeux-coccinelle.fr\/blog\/newsletter\/newsletter-confirmation\/\"]}]},{\"@type\":\"BreadcrumbList\",\"@id\":\"https:\/\/yeux-coccinelle.fr\/blog\/newsletter\/newsletter-confirmation\/#breadcrumb\",\"itemListElement\":[{\"@type\":\"ListItem\",\"position\":1,\"name\":\"Accueil\",\"item\":\"https:\/\/yeux-coccinelle.fr\/blog\/\"},{\"@type\":\"ListItem\",\"position\":2,\"name\":\"Newsletter\",\"item\":\"https:\/\/yeux-coccinelle.fr\/blog\/?page_id=3648\"},{\"@type\":\"ListItem\",\"position\":3,\"name\":\"Newsletter : Confirmation\"}]},{\"@type\":\"WebSite\",\"@id\":\"https:\/\/yeux-coccinelle.fr\/blog\/#website\",\"url\":\"https:\/\/yeux-coccinelle.fr\/blog\/\",\"name\":\"Par les yeux de la coccinelle\",\"description\":\"partage d&#039;exp\u00e9rience et qu\u00eate d&#039;images\",\"publisher\":{\"@id\":\"https:\/\/yeux-coccinelle.fr\/blog\/#\/schema\/person\/a23d16b5d4e9f0e58474cb6e45973473\"},\"potentialAction\":[{\"@type\":\"SearchAction\",\"target\":{\"@type\":\"EntryPoint\",\"urlTemplate\":\"https:\/\/yeux-coccinelle.fr\/blog\/?s={search_term_string}\"},\"query-input\":{\"@type\":\"PropertyValueSpecification\",\"valueRequired\":true,\"valueName\":\"search_term_string\"}}],\"inLanguage\":\"fr-FR\"},{\"@type\":[\"Person\",\"Organization\"],\"@id\":\"https:\/\/yeux-coccinelle.fr\/blog\/#\/schema\/person\/a23d16b5d4e9f0e58474cb6e45973473\",\"name\":\"Laur\u00e9line Reynaud\",\"image\":{\"@type\":\"ImageObject\",\"inLanguage\":\"fr-FR\",\"@id\":\"https:\/\/yeux-coccinelle.fr\/blog\/#\/schema\/person\/image\/\",\"url\":\"https:\/\/yeux-coccinelle.fr\/blog\/wp-content\/uploads\/2021\/08\/vlcsnap-2021-08-10-11h28m42s985.png\",\"contentUrl\":\"https:\/\/yeux-coccinelle.fr\/blog\/wp-content\/uploads\/2021\/08\/vlcsnap-2021-08-10-11h28m42s985.png\",\"width\":1920,\"height\":1080,\"caption\":\"Laur\u00e9line Reynaud\"},\"logo\":{\"@id\":\"https:\/\/yeux-coccinelle.fr\/blog\/#\/schema\/person\/image\/\"},\"description\":\"Photographe beaut\u00e9 dipl\u00f4m\u00e9e de l'une des plus grande \u00e9coles de photographie Parisienne (Gobelins, l'\u00e9cole de l'image), je consid\u00e8re mon blog et mes r\u00e9seaux comme un journal. J'y relate mes 5 ann\u00e9es d'\u00e9tudes et ma professionnalisation : retours d'exp\u00e9riences, conseils et astuces de prise de vue ou de retouche, curation de contenu et inspirations, discussions Business, etc.\",\"sameAs\":[\"http:\/\/yeux-coccinelle.fr\",\"https:\/\/www.instagram.com\/yeux.coccinelle_blog\",\"https:\/\/www.pinterest.fr\/parlesyeuxdelacoccinelle\"]}]}<\/script>\n<!-- \/ Yoast SEO plugin. -->","yoast_head_json":{"title":"Newsletter : Confirmation - Par les yeux de la coccinelle","robots":{"index":"index","follow":"follow","max-snippet":"max-snippet:-1","max-image-preview":"max-image-preview:large","max-video-preview":"max-video-preview:-1"},"canonical":"https:\/\/yeux-coccinelle.fr\/blog\/newsletter\/newsletter-confirmation\/","og_locale":"fr_FR","og_type":"article","og_title":"Newsletter : Confirmation - Par les yeux de la coccinelle","og_description":"Merci d&rsquo;avoir souscrit \u00e0 la newsletter de Par les yeux de la coccinelle ! Ton inscription est maintenant confirm\u00e9e. Tu peux d\u00e9sormais acc\u00e9der \u00e0 tous les freebies et aux contenus exclusifs sur la page d\u00e9di\u00e9e, avec le mot de passe : paillettes. Pas d&rsquo;inqui\u00e9tudes, ce code d&rsquo;acc\u00e8s et le lien vers la page secr\u00e8te te [&hellip;]","og_url":"https:\/\/yeux-coccinelle.fr\/blog\/newsletter\/newsletter-confirmation\/","og_site_name":"Par les yeux de la coccinelle","article_modified_time":"2024-01-11T12:26:07+00:00","twitter_card":"summary_large_image","twitter_misc":{"Dur\u00e9e de lecture estim\u00e9e":"1 minute"},"schema":{"@context":"https:\/\/schema.org","@graph":[{"@type":"WebPage","@id":"https:\/\/yeux-coccinelle.fr\/blog\/newsletter\/newsletter-confirmation\/","url":"https:\/\/yeux-coccinelle.fr\/blog\/newsletter\/newsletter-confirmation\/","name":"Newsletter : Confirmation - Par les yeux de la coccinelle","isPartOf":{"@id":"https:\/\/yeux-coccinelle.fr\/blog\/#website"},"datePublished":"2021-04-20T20:14:37+00:00","dateModified":"2024-01-11T12:26:07+00:00","breadcrumb":{"@id":"https:\/\/yeux-coccinelle.fr\/blog\/newsletter\/newsletter-confirmation\/#breadcrumb"},"inLanguage":"fr-FR","potentialAction":[{"@type":"ReadAction","target":["https:\/\/yeux-coccinelle.fr\/blog\/newsletter\/newsletter-confirmation\/"]}]},{"@type":"BreadcrumbList","@id":"https:\/\/yeux-coccinelle.fr\/blog\/newsletter\/newsletter-confirmation\/#breadcrumb","itemListElement":[{"@type":"ListItem","position":1,"name":"Accueil","item":"https:\/\/yeux-coccinelle.fr\/blog\/"},{"@type":"ListItem","position":2,"name":"Newsletter","item":"https:\/\/yeux-coccinelle.fr\/blog\/?page_id=3648"},{"@type":"ListItem","position":3,"name":"Newsletter : Confirmation"}]},{"@type":"WebSite","@id":"https:\/\/yeux-coccinelle.fr\/blog\/#website","url":"https:\/\/yeux-coccinelle.fr\/blog\/","name":"Par les yeux de la coccinelle","description":"partage d&#039;exp\u00e9rience et qu\u00eate d&#039;images","publisher":{"@id":"https:\/\/yeux-coccinelle.fr\/blog\/#\/schema\/person\/a23d16b5d4e9f0e58474cb6e45973473"},"potentialAction":[{"@type":"SearchAction","target":{"@type":"EntryPoint","urlTemplate":"https:\/\/yeux-coccinelle.fr\/blog\/?s={search_term_string}"},"query-input":{"@type":"PropertyValueSpecification","valueRequired":true,"valueName":"search_term_string"}}],"inLanguage":"fr-FR"},{"@type":["Person","Organization"],"@id":"https:\/\/yeux-coccinelle.fr\/blog\/#\/schema\/person\/a23d16b5d4e9f0e58474cb6e45973473","name":"Laur\u00e9line Reynaud","image":{"@type":"ImageObject","inLanguage":"fr-FR","@id":"https:\/\/yeux-coccinelle.fr\/blog\/#\/schema\/person\/image\/","url":"https:\/\/yeux-coccinelle.fr\/blog\/wp-content\/uploads\/2021\/08\/vlcsnap-2021-08-10-11h28m42s985.png","contentUrl":"https:\/\/yeux-coccinelle.fr\/blog\/wp-content\/uploads\/2021\/08\/vlcsnap-2021-08-10-11h28m42s985.png","width":1920,"height":1080,"caption":"Laur\u00e9line Reynaud"},"logo":{"@id":"https:\/\/yeux-coccinelle.fr\/blog\/#\/schema\/person\/image\/"},"description":"Photographe beaut\u00e9 dipl\u00f4m\u00e9e de l'une des plus grande \u00e9coles de photographie Parisienne (Gobelins, l'\u00e9cole de l'image), je consid\u00e8re mon blog et mes r\u00e9seaux comme un journal. J'y relate mes 5 ann\u00e9es d'\u00e9tudes et ma professionnalisation : retours d'exp\u00e9riences, conseils et astuces de prise de vue ou de retouche, curation de contenu et inspirations, discussions Business, etc.","sameAs":["http:\/\/yeux-coccinelle.fr","https:\/\/www.instagram.com\/yeux.coccinelle_blog","https:\/\/www.pinterest.fr\/parlesyeuxdelacoccinelle"]}]}},"jetpack_sharing_enabled":true,"_links":{"self":[{"href":"https:\/\/yeux-coccinelle.fr\/blog\/wp-json\/wp\/v2\/pages\/3668"}],"collection":[{"href":"https:\/\/yeux-coccinelle.fr\/blog\/wp-json\/wp\/v2\/pages"}],"about":[{"href":"https:\/\/yeux-coccinelle.fr\/blog\/wp-json\/wp\/v2\/types\/page"}],"author":[{"embeddable":true,"href":"https:\/\/yeux-coccinelle.fr\/blog\/wp-json\/wp\/v2\/users\/1"}],"replies":[{"embeddable":true,"href":"https:\/\/yeux-coccinelle.fr\/blog\/wp-json\/wp\/v2\/comments?post=3668"}],"version-history":[{"count":5,"href":"https:\/\/yeux-coccinelle.fr\/blog\/wp-json\/wp\/v2\/pages\/3668\/revisions"}],"predecessor-version":[{"id":6194,"href":"https:\/\/yeux-coccinelle.fr\/blog\/wp-json\/wp\/v2\/pages\/3668\/revisions\/6194"}],"up":[{"embeddable":true,"href":"https:\/\/yeux-coccinelle.fr\/blog\/wp-json\/wp\/v2\/pages\/3648"}],"wp:attachment":[{"href":"https:\/\/yeux-coccinelle.fr\/blog\/wp-json\/wp\/v2\/media?parent=3668"}],"curies":[{"name":"wp","href":"https:\/\/api.w.org\/{rel}","templated":true}]}}