{"id":267,"date":"2015-09-13T10:55:36","date_gmt":"2015-09-13T10:55:36","guid":{"rendered":"http:\/\/www.cssigniter.com\/vip\/untoldstories\/?page_id=267"},"modified":"2023-01-08T21:02:33","modified_gmt":"2023-01-08T20:02:33","slug":"a-propos","status":"publish","type":"page","link":"https:\/\/yeux-coccinelle.fr\/blog\/a-propos\/","title":{"rendered":"\u00c0 propos"},"content":{"rendered":"\n<p>Je m\u2019appelle Laur\u00e9line REYNAUD et je suis <strong>photographe beaut\u00e9 sur Nantes et Paris<\/strong>. Un <strong>BTS Photographie<\/strong> m\u2019a apport\u00e9 un premier socle de connaissances techniques solide, me permettant d\u2019acc\u00e9der ensuite \u00e0 l\u2019une des \u00e9coles de photographie les plus prestigieuses&nbsp;: <strong>Gobelins, l\u2019\u00e9cole de l\u2019image.<\/strong> J\u2019en sors dipl\u00f4m\u00e9e d\u2019un <strong>Bachelor photographie, vid\u00e9o et retouche.<\/strong><\/p>\n\n\n\n<p>Durant mon parcours, j\u2019ai eu la joie d\u2019assister des photographes de renom, dont <strong>Denis Rouvre, Sarah Moon et Vincent Fournier<\/strong>. J\u2019ai plusieurs expositions \u00e0 mon actif, les plus marquantes ayant eu lieu aux <strong>Promenades Photographiques de Vend\u00f4me<\/strong>, \u00e0 Beyrouth et \u00e0 Paris, \u00e0 la <strong>Galerie Fisheye.<\/strong> Mon travail a \u00e9t\u00e9 publi\u00e9 dans diff\u00e9rents magazines dont <strong>Elle<\/strong>, IMirage et BEYONDAll et j\u2019ai r\u00e9alis\u00e9 la couverture d\u2019un roman aux <strong>\u00e9ditions L\u2019Atalante<\/strong> en 2021. Enfin, j\u2019ai pu pr\u00e9senter mon travail lors d\u2019une conf\u00e9rence que je dirigeais en 2019 au festival <strong>Les Utopiales<\/strong>.<\/p>\n\n\n\n<p>Pour finir, je porte fi\u00e8rement la casquette de blogueuse, \u00e0 travers <em>Par les yeux de la coccinelle<\/em>, v\u00e9ritable <strong>journal de bord de mes activit\u00e9s et questionnements<\/strong>. J\u2019y relate mes ann\u00e9es d\u2019\u00e9tudes, mes recherches et ma professionnalisation&nbsp;: <strong>retours d\u2019exp\u00e9riences, astuces de prise de vue ou de retouche, discussions business, etc. <\/strong><\/p>\n\n\n\n<figure class=\"wp-block-gallery aligncenter has-nested-images columns-default is-cropped wp-block-gallery-1 is-layout-flex wp-block-gallery-is-layout-flex\">\n<figure class=\"wp-block-image size-large\"><img loading=\"lazy\" decoding=\"async\" width=\"1024\" height=\"576\" data-id=\"4606\" src=\"https:\/\/yeux-coccinelle.fr\/blog\/wp-content\/uploads\/2021\/08\/vlcsnap-2021-08-10-11h29m37s736-1024x576.png\" alt=\"\" class=\"wp-image-4606\" srcset=\"https:\/\/yeux-coccinelle.fr\/blog\/wp-content\/uploads\/2021\/08\/vlcsnap-2021-08-10-11h29m37s736-1024x576.png 1024w, https:\/\/yeux-coccinelle.fr\/blog\/wp-content\/uploads\/2021\/08\/vlcsnap-2021-08-10-11h29m37s736-300x169.png 300w, https:\/\/yeux-coccinelle.fr\/blog\/wp-content\/uploads\/2021\/08\/vlcsnap-2021-08-10-11h29m37s736-768x432.png 768w, https:\/\/yeux-coccinelle.fr\/blog\/wp-content\/uploads\/2021\/08\/vlcsnap-2021-08-10-11h29m37s736-1536x864.png 1536w, https:\/\/yeux-coccinelle.fr\/blog\/wp-content\/uploads\/2021\/08\/vlcsnap-2021-08-10-11h29m37s736-1100x619.png 1100w, https:\/\/yeux-coccinelle.fr\/blog\/wp-content\/uploads\/2021\/08\/vlcsnap-2021-08-10-11h29m37s736-550x309.png 550w, https:\/\/yeux-coccinelle.fr\/blog\/wp-content\/uploads\/2021\/08\/vlcsnap-2021-08-10-11h29m37s736-160x90.png 160w, https:\/\/yeux-coccinelle.fr\/blog\/wp-content\/uploads\/2021\/08\/vlcsnap-2021-08-10-11h29m37s736.png 1920w\" sizes=\"(max-width: 1024px) 100vw, 1024px\" \/><\/figure>\n<\/figure>\n\n\n\n<p class=\"has-text-align-center\"><span style=\"font-size: 16px; text-align: center;\">Mail : <\/span><a style=\"font-size: 16px; text-align: center;\" href=\"mailto:hello+blog@laureline-reynaud.fr\">hello@laureline-reynaud.fr<\/a><br><span style=\"font-size: 16px; text-align: center;\">Instagram : <\/span><a style=\"font-size: 16px; text-align: center;\" href=\"https:\/\/www.instagram.com\/yeux.coccinelle_blog\/\" target=\"_blank\" rel=\"noreferrer noopener\">@yeux.coccinelle_blog<\/a><br><span style=\"font-size: 16px; text-align: center;\">Pinterest : <\/span><a style=\"font-size: 16px; text-align: center;\" href=\"https:\/\/www.pinterest.fr\/parlesyeuxdelacoccinelle\" target=\"_blank\" rel=\"noreferrer noopener\">parlesyeuxdelacoccinelle<\/a><br><span style=\"font-size: 16px; text-align: center;\">Boutique : <\/span><a href=\"https:\/\/payhip.com\/laurelinereynaud\" target=\"_blank\" rel=\"noreferrer noopener\">payhip\/laurelinereynaud<\/a><br><\/p>\n","protected":false},"excerpt":{"rendered":"<p>Je m\u2019appelle Laur\u00e9line REYNAUD et je suis photographe beaut\u00e9 sur Nantes et Paris. Un BTS Photographie m\u2019a apport\u00e9 un premier socle de connaissances techniques solide, me permettant d\u2019acc\u00e9der ensuite \u00e0 l\u2019une des \u00e9coles de photographie les plus prestigieuses&nbsp;: Gobelins, l\u2019\u00e9cole de l\u2019image. J\u2019en sors dipl\u00f4m\u00e9e d\u2019un Bachelor photographie, vid\u00e9o et retouche. Durant mon parcours, j\u2019ai [&hellip;]<\/p>\n<a class=\"read-more-link\" href=\" https:\/\/yeux-coccinelle.fr\/blog\/a-propos\/ \">Lire la suite<\/a>","protected":false},"author":1,"featured_media":4605,"parent":0,"menu_order":0,"comment_status":"closed","ping_status":"closed","template":"","meta":{"footnotes":""},"yoast_head":"<!-- This site is optimized with the Yoast SEO plugin v23.4 - https:\/\/yoast.com\/wordpress\/plugins\/seo\/ -->\n<title>\u00c0 propos - Par les yeux de la coccinelle<\/title>\n<meta name=\"description\" content=\"Bonjour, je suis Laur\u00e9line, jeune photogaphe de 20 ans. En 2014 j\u2019entre en BTS Photographie \u00e0 Lyon, et je souhaite maintenant vous raconter mon parcours d\u2019apprentie photographe, avec du recul. J\u2019esp\u00e8re que je serais de bon conseil, que mes partages vous inspirerons, et que j\u2019arriverais \u00e0 vous motiver et \u00e0 vous faire progresser dans votre passion !\" \/>\n<meta name=\"robots\" content=\"index, follow, max-snippet:-1, max-image-preview:large, max-video-preview:-1\" \/>\n<link rel=\"canonical\" href=\"https:\/\/yeux-coccinelle.fr\/blog\/a-propos\/\" \/>\n<meta property=\"og:locale\" content=\"fr_FR\" \/>\n<meta property=\"og:type\" content=\"article\" \/>\n<meta property=\"og:title\" content=\"\u00c0 propos - Par les yeux de la coccinelle\" \/>\n<meta property=\"og:description\" content=\"Bonjour, je suis Laur\u00e9line, jeune photogaphe de 20 ans. En 2014 j\u2019entre en BTS Photographie \u00e0 Lyon, et je souhaite maintenant vous raconter mon parcours d\u2019apprentie photographe, avec du recul. J\u2019esp\u00e8re que je serais de bon conseil, que mes partages vous inspirerons, et que j\u2019arriverais \u00e0 vous motiver et \u00e0 vous faire progresser dans votre passion !\" \/>\n<meta property=\"og:url\" content=\"https:\/\/yeux-coccinelle.fr\/blog\/a-propos\/\" \/>\n<meta property=\"og:site_name\" content=\"Par les yeux de la coccinelle\" \/>\n<meta property=\"article:modified_time\" content=\"2023-01-08T20:02:33+00:00\" \/>\n<meta property=\"og:image\" content=\"https:\/\/yeux-coccinelle.fr\/blog\/wp-content\/uploads\/2021\/08\/vlcsnap-2021-08-10-11h29m25s473.png\" \/>\n\t<meta property=\"og:image:width\" content=\"1920\" \/>\n\t<meta property=\"og:image:height\" content=\"1080\" \/>\n\t<meta property=\"og:image:type\" content=\"image\/png\" \/>\n<meta name=\"twitter:card\" content=\"summary_large_image\" \/>\n<meta name=\"twitter:label1\" content=\"Dur\u00e9e de lecture estim\u00e9e\" \/>\n\t<meta name=\"twitter:data1\" content=\"2 minutes\" \/>\n<script type=\"application\/ld+json\" class=\"yoast-schema-graph\">{\"@context\":\"https:\/\/schema.org\",\"@graph\":[{\"@type\":\"WebPage\",\"@id\":\"https:\/\/yeux-coccinelle.fr\/blog\/a-propos\/\",\"url\":\"https:\/\/yeux-coccinelle.fr\/blog\/a-propos\/\",\"name\":\"\u00c0 propos - Par les yeux de la coccinelle\",\"isPartOf\":{\"@id\":\"https:\/\/yeux-coccinelle.fr\/blog\/#website\"},\"primaryImageOfPage\":{\"@id\":\"https:\/\/yeux-coccinelle.fr\/blog\/a-propos\/#primaryimage\"},\"image\":{\"@id\":\"https:\/\/yeux-coccinelle.fr\/blog\/a-propos\/#primaryimage\"},\"thumbnailUrl\":\"https:\/\/yeux-coccinelle.fr\/blog\/wp-content\/uploads\/2021\/08\/vlcsnap-2021-08-10-11h29m25s473.png\",\"datePublished\":\"2015-09-13T10:55:36+00:00\",\"dateModified\":\"2023-01-08T20:02:33+00:00\",\"description\":\"Bonjour, je suis Laur\u00e9line, jeune photogaphe de 20 ans. En 2014 j\u2019entre en BTS Photographie \u00e0 Lyon, et je souhaite maintenant vous raconter mon parcours d\u2019apprentie photographe, avec du recul. J\u2019esp\u00e8re que je serais de bon conseil, que mes partages vous inspirerons, et que j\u2019arriverais \u00e0 vous motiver et \u00e0 vous faire progresser dans votre passion !\",\"breadcrumb\":{\"@id\":\"https:\/\/yeux-coccinelle.fr\/blog\/a-propos\/#breadcrumb\"},\"inLanguage\":\"fr-FR\",\"potentialAction\":[{\"@type\":\"ReadAction\",\"target\":[\"https:\/\/yeux-coccinelle.fr\/blog\/a-propos\/\"]}]},{\"@type\":\"ImageObject\",\"inLanguage\":\"fr-FR\",\"@id\":\"https:\/\/yeux-coccinelle.fr\/blog\/a-propos\/#primaryimage\",\"url\":\"https:\/\/yeux-coccinelle.fr\/blog\/wp-content\/uploads\/2021\/08\/vlcsnap-2021-08-10-11h29m25s473.png\",\"contentUrl\":\"https:\/\/yeux-coccinelle.fr\/blog\/wp-content\/uploads\/2021\/08\/vlcsnap-2021-08-10-11h29m25s473.png\",\"width\":1920,\"height\":1080},{\"@type\":\"BreadcrumbList\",\"@id\":\"https:\/\/yeux-coccinelle.fr\/blog\/a-propos\/#breadcrumb\",\"itemListElement\":[{\"@type\":\"ListItem\",\"position\":1,\"name\":\"Accueil\",\"item\":\"https:\/\/yeux-coccinelle.fr\/blog\/\"},{\"@type\":\"ListItem\",\"position\":2,\"name\":\"\u00c0 propos\"}]},{\"@type\":\"WebSite\",\"@id\":\"https:\/\/yeux-coccinelle.fr\/blog\/#website\",\"url\":\"https:\/\/yeux-coccinelle.fr\/blog\/\",\"name\":\"Par les yeux de la coccinelle\",\"description\":\"partage d&#039;exp\u00e9rience et qu\u00eate d&#039;images\",\"publisher\":{\"@id\":\"https:\/\/yeux-coccinelle.fr\/blog\/#\/schema\/person\/a23d16b5d4e9f0e58474cb6e45973473\"},\"potentialAction\":[{\"@type\":\"SearchAction\",\"target\":{\"@type\":\"EntryPoint\",\"urlTemplate\":\"https:\/\/yeux-coccinelle.fr\/blog\/?s={search_term_string}\"},\"query-input\":{\"@type\":\"PropertyValueSpecification\",\"valueRequired\":true,\"valueName\":\"search_term_string\"}}],\"inLanguage\":\"fr-FR\"},{\"@type\":[\"Person\",\"Organization\"],\"@id\":\"https:\/\/yeux-coccinelle.fr\/blog\/#\/schema\/person\/a23d16b5d4e9f0e58474cb6e45973473\",\"name\":\"Laur\u00e9line Reynaud\",\"image\":{\"@type\":\"ImageObject\",\"inLanguage\":\"fr-FR\",\"@id\":\"https:\/\/yeux-coccinelle.fr\/blog\/#\/schema\/person\/image\/\",\"url\":\"https:\/\/yeux-coccinelle.fr\/blog\/wp-content\/uploads\/2021\/08\/vlcsnap-2021-08-10-11h28m42s985.png\",\"contentUrl\":\"https:\/\/yeux-coccinelle.fr\/blog\/wp-content\/uploads\/2021\/08\/vlcsnap-2021-08-10-11h28m42s985.png\",\"width\":1920,\"height\":1080,\"caption\":\"Laur\u00e9line Reynaud\"},\"logo\":{\"@id\":\"https:\/\/yeux-coccinelle.fr\/blog\/#\/schema\/person\/image\/\"},\"description\":\"Photographe beaut\u00e9 dipl\u00f4m\u00e9e de l'une des plus grande \u00e9coles de photographie Parisienne (Gobelins, l'\u00e9cole de l'image), je consid\u00e8re mon blog et mes r\u00e9seaux comme un journal. J'y relate mes 5 ann\u00e9es d'\u00e9tudes et ma professionnalisation : retours d'exp\u00e9riences, conseils et astuces de prise de vue ou de retouche, curation de contenu et inspirations, discussions Business, etc.\",\"sameAs\":[\"http:\/\/yeux-coccinelle.fr\",\"https:\/\/www.instagram.com\/yeux.coccinelle_blog\",\"https:\/\/www.pinterest.fr\/parlesyeuxdelacoccinelle\"]}]}<\/script>\n<!-- \/ Yoast SEO plugin. -->","yoast_head_json":{"title":"\u00c0 propos - Par les yeux de la coccinelle","description":"Bonjour, je suis Laur\u00e9line, jeune photogaphe de 20 ans. En 2014 j\u2019entre en BTS Photographie \u00e0 Lyon, et je souhaite maintenant vous raconter mon parcours d\u2019apprentie photographe, avec du recul. J\u2019esp\u00e8re que je serais de bon conseil, que mes partages vous inspirerons, et que j\u2019arriverais \u00e0 vous motiver et \u00e0 vous faire progresser dans votre passion !","robots":{"index":"index","follow":"follow","max-snippet":"max-snippet:-1","max-image-preview":"max-image-preview:large","max-video-preview":"max-video-preview:-1"},"canonical":"https:\/\/yeux-coccinelle.fr\/blog\/a-propos\/","og_locale":"fr_FR","og_type":"article","og_title":"\u00c0 propos - Par les yeux de la coccinelle","og_description":"Bonjour, je suis Laur\u00e9line, jeune photogaphe de 20 ans. En 2014 j\u2019entre en BTS Photographie \u00e0 Lyon, et je souhaite maintenant vous raconter mon parcours d\u2019apprentie photographe, avec du recul. J\u2019esp\u00e8re que je serais de bon conseil, que mes partages vous inspirerons, et que j\u2019arriverais \u00e0 vous motiver et \u00e0 vous faire progresser dans votre passion !","og_url":"https:\/\/yeux-coccinelle.fr\/blog\/a-propos\/","og_site_name":"Par les yeux de la coccinelle","article_modified_time":"2023-01-08T20:02:33+00:00","og_image":[{"width":1920,"height":1080,"url":"https:\/\/yeux-coccinelle.fr\/blog\/wp-content\/uploads\/2021\/08\/vlcsnap-2021-08-10-11h29m25s473.png","type":"image\/png"}],"twitter_card":"summary_large_image","twitter_misc":{"Dur\u00e9e de lecture estim\u00e9e":"2 minutes"},"schema":{"@context":"https:\/\/schema.org","@graph":[{"@type":"WebPage","@id":"https:\/\/yeux-coccinelle.fr\/blog\/a-propos\/","url":"https:\/\/yeux-coccinelle.fr\/blog\/a-propos\/","name":"\u00c0 propos - Par les yeux de la coccinelle","isPartOf":{"@id":"https:\/\/yeux-coccinelle.fr\/blog\/#website"},"primaryImageOfPage":{"@id":"https:\/\/yeux-coccinelle.fr\/blog\/a-propos\/#primaryimage"},"image":{"@id":"https:\/\/yeux-coccinelle.fr\/blog\/a-propos\/#primaryimage"},"thumbnailUrl":"https:\/\/yeux-coccinelle.fr\/blog\/wp-content\/uploads\/2021\/08\/vlcsnap-2021-08-10-11h29m25s473.png","datePublished":"2015-09-13T10:55:36+00:00","dateModified":"2023-01-08T20:02:33+00:00","description":"Bonjour, je suis Laur\u00e9line, jeune photogaphe de 20 ans. En 2014 j\u2019entre en BTS Photographie \u00e0 Lyon, et je souhaite maintenant vous raconter mon parcours d\u2019apprentie photographe, avec du recul. J\u2019esp\u00e8re que je serais de bon conseil, que mes partages vous inspirerons, et que j\u2019arriverais \u00e0 vous motiver et \u00e0 vous faire progresser dans votre passion !","breadcrumb":{"@id":"https:\/\/yeux-coccinelle.fr\/blog\/a-propos\/#breadcrumb"},"inLanguage":"fr-FR","potentialAction":[{"@type":"ReadAction","target":["https:\/\/yeux-coccinelle.fr\/blog\/a-propos\/"]}]},{"@type":"ImageObject","inLanguage":"fr-FR","@id":"https:\/\/yeux-coccinelle.fr\/blog\/a-propos\/#primaryimage","url":"https:\/\/yeux-coccinelle.fr\/blog\/wp-content\/uploads\/2021\/08\/vlcsnap-2021-08-10-11h29m25s473.png","contentUrl":"https:\/\/yeux-coccinelle.fr\/blog\/wp-content\/uploads\/2021\/08\/vlcsnap-2021-08-10-11h29m25s473.png","width":1920,"height":1080},{"@type":"BreadcrumbList","@id":"https:\/\/yeux-coccinelle.fr\/blog\/a-propos\/#breadcrumb","itemListElement":[{"@type":"ListItem","position":1,"name":"Accueil","item":"https:\/\/yeux-coccinelle.fr\/blog\/"},{"@type":"ListItem","position":2,"name":"\u00c0 propos"}]},{"@type":"WebSite","@id":"https:\/\/yeux-coccinelle.fr\/blog\/#website","url":"https:\/\/yeux-coccinelle.fr\/blog\/","name":"Par les yeux de la coccinelle","description":"partage d&#039;exp\u00e9rience et qu\u00eate d&#039;images","publisher":{"@id":"https:\/\/yeux-coccinelle.fr\/blog\/#\/schema\/person\/a23d16b5d4e9f0e58474cb6e45973473"},"potentialAction":[{"@type":"SearchAction","target":{"@type":"EntryPoint","urlTemplate":"https:\/\/yeux-coccinelle.fr\/blog\/?s={search_term_string}"},"query-input":{"@type":"PropertyValueSpecification","valueRequired":true,"valueName":"search_term_string"}}],"inLanguage":"fr-FR"},{"@type":["Person","Organization"],"@id":"https:\/\/yeux-coccinelle.fr\/blog\/#\/schema\/person\/a23d16b5d4e9f0e58474cb6e45973473","name":"Laur\u00e9line Reynaud","image":{"@type":"ImageObject","inLanguage":"fr-FR","@id":"https:\/\/yeux-coccinelle.fr\/blog\/#\/schema\/person\/image\/","url":"https:\/\/yeux-coccinelle.fr\/blog\/wp-content\/uploads\/2021\/08\/vlcsnap-2021-08-10-11h28m42s985.png","contentUrl":"https:\/\/yeux-coccinelle.fr\/blog\/wp-content\/uploads\/2021\/08\/vlcsnap-2021-08-10-11h28m42s985.png","width":1920,"height":1080,"caption":"Laur\u00e9line Reynaud"},"logo":{"@id":"https:\/\/yeux-coccinelle.fr\/blog\/#\/schema\/person\/image\/"},"description":"Photographe beaut\u00e9 dipl\u00f4m\u00e9e de l'une des plus grande \u00e9coles de photographie Parisienne (Gobelins, l'\u00e9cole de l'image), je consid\u00e8re mon blog et mes r\u00e9seaux comme un journal. J'y relate mes 5 ann\u00e9es d'\u00e9tudes et ma professionnalisation : retours d'exp\u00e9riences, conseils et astuces de prise de vue ou de retouche, curation de contenu et inspirations, discussions Business, etc.","sameAs":["http:\/\/yeux-coccinelle.fr","https:\/\/www.instagram.com\/yeux.coccinelle_blog","https:\/\/www.pinterest.fr\/parlesyeuxdelacoccinelle"]}]}},"jetpack_sharing_enabled":true,"_links":{"self":[{"href":"https:\/\/yeux-coccinelle.fr\/blog\/wp-json\/wp\/v2\/pages\/267"}],"collection":[{"href":"https:\/\/yeux-coccinelle.fr\/blog\/wp-json\/wp\/v2\/pages"}],"about":[{"href":"https:\/\/yeux-coccinelle.fr\/blog\/wp-json\/wp\/v2\/types\/page"}],"author":[{"embeddable":true,"href":"https:\/\/yeux-coccinelle.fr\/blog\/wp-json\/wp\/v2\/users\/1"}],"replies":[{"embeddable":true,"href":"https:\/\/yeux-coccinelle.fr\/blog\/wp-json\/wp\/v2\/comments?post=267"}],"version-history":[{"count":20,"href":"https:\/\/yeux-coccinelle.fr\/blog\/wp-json\/wp\/v2\/pages\/267\/revisions"}],"predecessor-version":[{"id":6127,"href":"https:\/\/yeux-coccinelle.fr\/blog\/wp-json\/wp\/v2\/pages\/267\/revisions\/6127"}],"wp:featuredmedia":[{"embeddable":true,"href":"https:\/\/yeux-coccinelle.fr\/blog\/wp-json\/wp\/v2\/media\/4605"}],"wp:attachment":[{"href":"https:\/\/yeux-coccinelle.fr\/blog\/wp-json\/wp\/v2\/media?parent=267"}],"curies":[{"name":"wp","href":"https:\/\/api.w.org\/{rel}","templated":true}]}}