{"id":2292,"date":"2019-01-03T13:14:54","date_gmt":"2019-01-03T12:14:54","guid":{"rendered":"http:\/\/yeux-coccinelle.fr\/blog\/?page_id=2292"},"modified":"2019-02-16T17:44:32","modified_gmt":"2019-02-16T16:44:32","slug":"mes-reponses-a-vos-questions","status":"publish","type":"page","link":"https:\/\/yeux-coccinelle.fr\/blog\/mes-reponses-a-vos-questions\/","title":{"rendered":"Mes r\u00e9ponses \u00e0 vos questions"},"content":{"rendered":"\n<p> Il y a des questions qui reviennent r\u00e9guli\u00e8rement, que ce soit en commentaires, par mail ou sur les r\u00e9seaux sociaux. Des questions que vous \u00eates nombreux \u00e0 me poser, sous diff\u00e9rentes formes. J\u2019ai essay\u00e9 de les regrouper ici, et de vous donner mes r\u00e9ponses. Je ne suis pas omnisciente. Je ne repr\u00e9sente pas l\u2019int\u00e9gralit\u00e9 des \u00e9l\u00e8ves de BTS ou de Gobelins. Je ne suis que moi, et donc je ne peux vous r\u00e9pondre que selon mon v\u00e9cut. Toutefois, je pense que vous pouvez trouver chaussure \u00e0 votre botte de foin !<\/p>\n\n\n\n<p>Surtout, n\u2019h\u00e9sitez pas \u00e0 m\u2019\u00e9crire si vous avez d\u2019autres questions !\n\n<\/p>\n\n\n\n<h2 class=\"wp-block-heading\" style=\"text-align:center\">Gobelins<\/h2>\n\n\n\n<p><strong><em> Pourquoi Gobelins plut\u00f4t que Louis Lumi\u00e8re ou Arles ? <\/em><\/strong><\/p>\n\n\n\n<p> J&rsquo;ai choisi mon \u00e9cole selon le milieu de la photographie qui m&rsquo;int\u00e9ressait. Je voulais une \u00e9cole qui me ferais pratiquer et entrer dans le monde de la mode et de la publicit\u00e9. Toutes les grandes \u00e9coles permettent des contacts tr\u00e8s int\u00e9ressant, mais Gobelins est plus orient\u00e9 photographie commerciale que Lumi\u00e8re ou Arles <br><\/p>\n\n\n\n<p><strong><em>Est-ce qu&rsquo;une formation particuli\u00e8re est n\u00e9cessaire pour entrer \u00e0 Gobelins ? <\/em> <\/strong><\/p>\n\n\n\n<p> Non ! Une formation particuli\u00e8re n&rsquo;est pas n\u00e9cessaire, mais peut aider.<br>Personnellement, j&rsquo;ai d&rsquo;abord fais un BAC S option facultative Art Plastique, avant d&rsquo;entrer en BTS Photo. Certains de ma classe sortent tout juste d&rsquo;un BAC, et d&rsquo;autres ont 25 ans et se sont perdus dans les amphi de fac de langues ou de sciences avant d&rsquo;arriver \u00e0 Gobelins.<br>Une curiosit\u00e9 pour le monde de l&rsquo;image et une pr\u00e9paration au concours sont indispensables. <\/p>\n\n\n\n<p><strong><em> \u00ab\u00a0Je suis en terminale et j&rsquo;aimerais entrer \u00e0 Gobelins mais comment acqu\u00e9rir les connaissances techniques n\u00e9cessaires ?\u00a0\u00bb <\/em><\/strong><\/p>\n\n\n\n<p>\n\nLe concours des Gobelins n&rsquo;est pas que technique. Ce serait une tr\u00e8s grosse erreur de ne pr\u00e9parer que cette partie. Cependant, pour la pr\u00e9parer, avoir un peu de curiosit\u00e9 \u00ab\u00a0suffit\u00a0\u00bb: suivre les nouveaut\u00e9s technologiques, exp\u00e9rimenter avec son propre mat\u00e9riel, savoir ce que signifie les noms, normes, r\u00e9glages, adjectifs&#8230;<\/p>\n\n\n\n<p><em>&gt; <a href=\"http:\/\/yeux-coccinelle.fr\/blog\/?p=1096\">Conseils sur la pr\u00e9paration au concours.<\/a><\/em><\/p>\n\n\n\n<p><strong><em> \u00ab\u00a0Qu&rsquo;est-ce que l&rsquo;\u00e9cole apporte de plus par rapport au BTS Photo ?\u00a0\u00bb <\/em><\/strong><\/p>\n\n\n\n<p>\n\nEn BTS on ne fait que tr\u00e8s peu de photos. On analyse techniquement et technologiquement le mat\u00e9riel (quand on en a). A Gobelins, on est plus sur une formation de type \u00ab\u00a0<em>Essaye, rate en te faisant plaisir et recommence<\/em>\u00a0\u00bb . On pratique \u00e9norm\u00e9ment. Les profs font appel \u00e0 des intervenants pour des Workshops pointus, et r\u00e9guliers. Enfin le gros + de Gobelins, c&rsquo;est son nom sur le CV. Les contacts que l&rsquo;\u00e9cole a et les stages que ca nous permet de faire. <a href=\"http:\/\/yeux-coccinelle.fr\/blog\/?p=2225\">C&rsquo;est juste incroyable.<\/a><\/p>\n\n\n\n<p>&gt; <em><a href=\"http:\/\/yeux-coccinelle.fr\/blog\/?p=560\">R\u00e9f\u00e9rentiel d\u00e9taill\u00e9 du BTS Photo<\/a><\/em><\/p>\n\n\n\n<h2 class=\"wp-block-heading\" style=\"text-align:center\">BTS Photographie<\/h2>\n\n\n\n<p><strong><em>Pourquoi avoir fait un BTS ?<\/em><\/strong><\/p>\n\n\n\n<p> A l&rsquo;\u00e9poque, dans un temps et un pays fort fort lointain, les Gobelins n&rsquo;\u00e9taient accessible qu&rsquo;apr\u00e8s un BAC +2 &#8230; Donc j&rsquo;ai fais un Bac +2&nbsp;.<\/p>\n\n\n\n<p><strong><em>A qui s&rsquo;adresse le BTS Photo ? <\/em><\/strong><\/p>\n\n\n\n<p>Le BTS reste int\u00e9ressant: pour les mordus de technologies, qui aiment savoir et comprendre comment sont faites les choses, pour ceux qui ne se sentent pas \u00e0 l&rsquo;aise \u00e0 l&rsquo;id\u00e9e d&rsquo;int\u00e9grer directement une grande \u00e9cole, pour quelqu&rsquo;un qui veut une formation courte, diplomante et permettant d&rsquo;entrer dans la vie professionnelle.&nbsp;<\/p>\n\n\n\n<p>Le BTS apprend surtout cette facette: comment cr\u00e9er et g\u00e9rer sa structure en tant que photographe pro. Les cours sont tr\u00e8s \u00e9toff\u00e9s en terme de droit et de gestion de l&rsquo;entreprise, et la formation permet de r\u00e9aliser 3 stages de 5 semaines en entreprises. Et ca, c&rsquo;est pas rien ! <\/p>\n\n\n\n<h2 class=\"wp-block-heading\" style=\"text-align:center\">Sur la photographie en g\u00e9n\u00e9ral<\/h2>\n\n\n\n<p><strong><em>\u00ab\u00a0Qu&rsquo;est-ce que les \u00e9coles t&rsquo;apportent que tu ne peux pas avoir avec l&rsquo;exp\u00e9rience ?\u00a0\u00bb<\/em><\/strong><\/p>\n\n\n\n<p>\n\nL&rsquo;\u00e9cole (Gobelins) nous donne une partie de cette exp\u00e9rience justement ! On fonctionne par Workshops et ateliers, avec l&rsquo;intervention de professionnels sp\u00e9cialis\u00e9s dans le th\u00e8me du workshop, qui nous suivent, nous guident, nous \u00e9valuent par rapport au march\u00e9 actuel etc&#8230; L&rsquo;\u00e9cole met \u00e0 notre disposition beaucoup de mat\u00e9riel, et nous permet de tester et d&rsquo;exp\u00e9rimenter sans avoir \u00e0 acheter ou louer ce mat\u00e9riel \u00e0 chaque test.&nbsp;<br>Les \u00e9coles permettent toutes en plus de r\u00e9aliser des stages en entreprises, et via Gobelins, avec des personnes particuli\u00e8rement int\u00e9ressantes, qui ne nous prendraient jamais en assistanat sinon, et qui nous partagent leur exp\u00e9rience aussi.&nbsp;<\/p>\n\n\n\n<p>Et l\u00e0 je ne parle que photo (technique)&#8230; L&rsquo;\u00e9cole propose aussi des cours th\u00e9oriques et artistiques, des conf\u00e9rences qui nous poussent \u00e0 aller plus loin, et nous professionnalisent.<\/p>\n\n\n\n<p>En bref, tu peux apprendre tout ca par toi m\u00eame&#8230; Mais ca prendra beaucoup plus de temps (et les erreurs une fois pro, ca pardonne moins ! ). <\/p>\n\n\n\n<p><strong><em>\u00ab\u00a0C&rsquo;est quoi ton matos ?\u00a0\u00bb<\/em><\/strong><\/p>\n\n\n\n<p><a href=\"http:\/\/yeux-coccinelle.fr\/blog\/?p=773\"> J&rsquo;en parle un peu dans un article<\/a> et je pense que je ferais une page sp\u00e9ciale tr\u00e8s bient\u00f4t !&nbsp;<br>En bref, j&rsquo;utilise personnellement du Canon et du Godox, mais je suis tr\u00e8s habitu\u00e9e au Broncolor, Nikon et Hasselblad \u00e9galement (gr\u00e2ce \u00e0 mes formations !) . <\/p>\n\n\n\n<p><strong><em>\u00ab\u00a0Qu&rsquo;est-ce qu&rsquo;il faut pour \u00eatre un bon photographe ?\u00a0\u00bb<\/em><\/strong><\/p>\n\n\n\n<p>Un Oeil si on parle du photographe en tant que cr\u00e9ateur. Des comp\u00e9tences commerciales pour savoir se vendre si on parle du photographe professionnel.&nbsp;<\/p>\n\n\n\n<p>\u00catre authentique. Avoir quelque chose \u00e0 dire, un sentiment \u00e0 communiquer, une histoire \u00e0 raconter.<\/p>\n\n\n\n<p>De la bonne humeur, du respect, de la passion, ca aide souvent. Etre aigris, en col\u00e8re contre les petits auto-entrepreneurs qui volent ton travail, c&rsquo;est pas te rendre service.<\/p>\n\n\n\n<p><strong><em>Comment s&rsquo;am\u00e9liorer ?<\/em><\/strong><\/p>\n\n\n\n<p>De l&rsquo;exigence ! Envers soi, son travail, son \u00e9quipe. Mais aussi de la bienveillance et de la pers\u00e9v\u00e9rance. Travailler sur un projet sur le long terme et qui nous tient \u00e0 coeur.<\/p>\n\n\n\n<p>Conna\u00eetre et s&rsquo;inspirer des ma\u00eetres (pas le gus du coin qui fait des tutos sur Youtube) pour ensuite se trouver.&nbsp;<\/p>\n\n\n\n<p>Aller voir ailleurs (physiquement voyager, mais aussi s&rsquo;int\u00e9resser \u00e0 d&rsquo;autres milieu dans l&rsquo;art et \u00e0 d&rsquo;autres secteurs tout court). Aller piocher dans les sciences, l&rsquo;histoire, le d\u00e9veloppement personnel (why not?)&#8230;\n\n<\/p>\n\n\n\n<p><strong><em>Des livres qui t&rsquo;ont aid\u00e9 ?<\/em><\/strong><\/p>\n\n\n\n<ul><li>Le manuel de mon boitier<\/li><li><a href=\"https:\/\/www.eyrolles.com\/Audiovisuel\/Livre\/serial-photographer-9782212674989\/\">Serial Photographer<\/a>, E.Forey, Eyrolles<\/li><li>Pour \u00ab\u00a0remplacer\u00a0\u00bb le BTS photographie: Les cours de photographie (<a href=\"https:\/\/www.dunod.com\/sciences-techniques\/cours-photographie-rene-bouillot-fondamentaux-photographie-argentique\">Fondamentaux<\/a>&nbsp;et&nbsp;<a href=\"https:\/\/www.dunod.com\/sciences-techniques\/cours-photographie-numerique-principes-acquisition-et-stockage\">Num\u00e9rique<\/a>), Ren\u00e9 Bouillot, Dunod<\/li><li><a href=\"https:\/\/www.eyrolles.com\/Audiovisuel\/Livre\/la-gestion-des-couleurs-pour-les-photographes-les-graphistes-et-le-prepresse-9782212132977\/\">La gestion des couleurs pour les photographes, les graphistes et le pr\u00e9presse<\/a>, J.Delmas, Eyrolles<\/li><li><a href=\"https:\/\/pyramyd-editions.com\/products\/dans-l-oeil-des-maitres-de-la-photo\">Dans l&rsquo;oeil des ma\u00eetres de la photo<\/a>, P. Lowe, Pyramid<\/li><li><a href=\"https:\/\/editions.flammarion.com\/Catalogue\/le-guide\/photographie-contemporaine\">Photographie contemporaine Le guide<\/a>, E.Couturier, Flammarion<\/li><li><a href=\"http:\/\/www.editionspalette.com\/livre-Photographie_Contemporaine-9782358321327-1-1-0-1.html\">Photographie contemporaine<\/a>, F.Herrero, Palette<\/li><li><a href=\"https:\/\/www.marabout.com\/pourquoi-ceci-nest-pas-une-photo-ratee-9782501093705\">Pourquoi ceci n&rsquo;est pas une photo rat\u00e9e<\/a>, J.Higgins, Marabout<\/li><li><a href=\"http:\/\/www.competencemicro.com\/booklet.php?id=379\">Vendre ses photos<\/a>, J.Verbrugge, Comp\u00e9tence Photo x KnowWare<\/li><\/ul>\n\n\n\n<p><strong><em>Des cha\u00eenes Youtube \u00e0 conseiller ?<\/em><\/strong><\/p>\n\n\n\n<p> Je n&rsquo;en ai pas beaucoup \u00e0 vous proposer&#8230; Pour la plupart (Q.Decaillet, S.Roignant, Adorama, Charx) ce sont des cha\u00eene suivies \u00e0 mes d\u00e9buts&#8230; J&rsquo;ai plut\u00f4t tendance aujourd&rsquo;hui \u00e0 regarder assez peu Youtube, ou pour des th\u00e8mes totalement autres (Journaling, Productivit\u00e9, Cosmologie et Astronomie, bien \u00eatre, etc&#8230;)<\/p>\n\n\n\n<ul><li><a href=\"https:\/\/www.youtube.com\/channel\/UCL1ScW5p_7TF-uWdVo1WjTw\">Art Comptant Pour Rien<\/a><\/li><li><a href=\"https:\/\/www.youtube.com\/channel\/UCYz8PpVA-D6PXwkl_-gMMug\">Quentin D\u00e9caillet<\/a>, pour d\u00e9couvrir le fonctionnement de Capture One<\/li><li><a href=\"https:\/\/www.youtube.com\/channel\/UC994GUsdU3Z4Z7k6Vqsn3tA\">F\/1.4 &#8211; \u00c0 pleine ouverture<\/a><\/li><li><a href=\"https:\/\/www.youtube.com\/user\/adoramaTV\/featured\">Adorama<\/a>\u00a0et\u00a0<a href=\"https:\/\/www.youtube.com\/channel\/UC47XN5bhLTBH5TRFyKaUpKg\">Phlearn<\/a>, en anglais<\/li><li><a href=\"https:\/\/www.youtube.com\/channel\/UCTgaiv8YdmmNqI8STrpWc7w\">Negative Feedback<\/a>, en anglais, sur la photo argentique<\/li><li><a href=\"https:\/\/www.youtube.com\/channel\/UCZUWu5f8xFr0ptcCbad_WVQ\">Charx Productions<\/a>, j&rsquo;irais shooter avec<\/li><li>Tina Eisen, Anita Sadowska, Tamara Williams et Julia Kuzmenko<\/li><\/ul>\n","protected":false},"excerpt":{"rendered":"<p>Il y a des questions qui reviennent r\u00e9guli\u00e8rement, que ce soit en commentaires, par mail ou sur les r\u00e9seaux sociaux. Des questions que vous \u00eates nombreux \u00e0 me poser, sous diff\u00e9rentes formes. J\u2019ai essay\u00e9 de les regrouper ici, et de vous donner mes r\u00e9ponses. Je ne suis pas omnisciente. Je ne repr\u00e9sente pas l\u2019int\u00e9gralit\u00e9 des [&hellip;]<\/p>\n<a class=\"read-more-link\" href=\" https:\/\/yeux-coccinelle.fr\/blog\/mes-reponses-a-vos-questions\/ \">Lire la suite<\/a>","protected":false},"author":1,"featured_media":0,"parent":0,"menu_order":0,"comment_status":"open","ping_status":"closed","template":"","meta":{"footnotes":""},"yoast_head":"<!-- This site is optimized with the Yoast SEO plugin v23.4 - https:\/\/yoast.com\/wordpress\/plugins\/seo\/ -->\n<title>Mes r\u00e9ponses \u00e0 vos questions - Par les yeux de la coccinelle<\/title>\n<meta name=\"robots\" content=\"index, follow, max-snippet:-1, max-image-preview:large, max-video-preview:-1\" \/>\n<link rel=\"canonical\" href=\"https:\/\/yeux-coccinelle.fr\/blog\/mes-reponses-a-vos-questions\/\" \/>\n<meta property=\"og:locale\" content=\"fr_FR\" \/>\n<meta property=\"og:type\" content=\"article\" \/>\n<meta property=\"og:title\" content=\"Mes r\u00e9ponses \u00e0 vos questions - Par les yeux de la coccinelle\" \/>\n<meta property=\"og:description\" content=\"Il y a des questions qui reviennent r\u00e9guli\u00e8rement, que ce soit en commentaires, par mail ou sur les r\u00e9seaux sociaux. Des questions que vous \u00eates nombreux \u00e0 me poser, sous diff\u00e9rentes formes. J\u2019ai essay\u00e9 de les regrouper ici, et de vous donner mes r\u00e9ponses. Je ne suis pas omnisciente. Je ne repr\u00e9sente pas l\u2019int\u00e9gralit\u00e9 des [&hellip;]\" \/>\n<meta property=\"og:url\" content=\"https:\/\/yeux-coccinelle.fr\/blog\/mes-reponses-a-vos-questions\/\" \/>\n<meta property=\"og:site_name\" content=\"Par les yeux de la coccinelle\" \/>\n<meta property=\"article:modified_time\" content=\"2019-02-16T16:44:32+00:00\" \/>\n<meta name=\"twitter:card\" content=\"summary_large_image\" \/>\n<meta name=\"twitter:label1\" content=\"Dur\u00e9e de lecture estim\u00e9e\" \/>\n\t<meta name=\"twitter:data1\" content=\"6 minutes\" \/>\n<script type=\"application\/ld+json\" class=\"yoast-schema-graph\">{\"@context\":\"https:\/\/schema.org\",\"@graph\":[{\"@type\":\"WebPage\",\"@id\":\"https:\/\/yeux-coccinelle.fr\/blog\/mes-reponses-a-vos-questions\/\",\"url\":\"https:\/\/yeux-coccinelle.fr\/blog\/mes-reponses-a-vos-questions\/\",\"name\":\"Mes r\u00e9ponses \u00e0 vos questions - Par les yeux de la coccinelle\",\"isPartOf\":{\"@id\":\"https:\/\/yeux-coccinelle.fr\/blog\/#website\"},\"datePublished\":\"2019-01-03T12:14:54+00:00\",\"dateModified\":\"2019-02-16T16:44:32+00:00\",\"breadcrumb\":{\"@id\":\"https:\/\/yeux-coccinelle.fr\/blog\/mes-reponses-a-vos-questions\/#breadcrumb\"},\"inLanguage\":\"fr-FR\",\"potentialAction\":[{\"@type\":\"ReadAction\",\"target\":[\"https:\/\/yeux-coccinelle.fr\/blog\/mes-reponses-a-vos-questions\/\"]}]},{\"@type\":\"BreadcrumbList\",\"@id\":\"https:\/\/yeux-coccinelle.fr\/blog\/mes-reponses-a-vos-questions\/#breadcrumb\",\"itemListElement\":[{\"@type\":\"ListItem\",\"position\":1,\"name\":\"Accueil\",\"item\":\"https:\/\/yeux-coccinelle.fr\/blog\/\"},{\"@type\":\"ListItem\",\"position\":2,\"name\":\"Mes r\u00e9ponses \u00e0 vos questions\"}]},{\"@type\":\"WebSite\",\"@id\":\"https:\/\/yeux-coccinelle.fr\/blog\/#website\",\"url\":\"https:\/\/yeux-coccinelle.fr\/blog\/\",\"name\":\"Par les yeux de la coccinelle\",\"description\":\"partage d&#039;exp\u00e9rience et qu\u00eate d&#039;images\",\"publisher\":{\"@id\":\"https:\/\/yeux-coccinelle.fr\/blog\/#\/schema\/person\/a23d16b5d4e9f0e58474cb6e45973473\"},\"potentialAction\":[{\"@type\":\"SearchAction\",\"target\":{\"@type\":\"EntryPoint\",\"urlTemplate\":\"https:\/\/yeux-coccinelle.fr\/blog\/?s={search_term_string}\"},\"query-input\":{\"@type\":\"PropertyValueSpecification\",\"valueRequired\":true,\"valueName\":\"search_term_string\"}}],\"inLanguage\":\"fr-FR\"},{\"@type\":[\"Person\",\"Organization\"],\"@id\":\"https:\/\/yeux-coccinelle.fr\/blog\/#\/schema\/person\/a23d16b5d4e9f0e58474cb6e45973473\",\"name\":\"Laur\u00e9line Reynaud\",\"image\":{\"@type\":\"ImageObject\",\"inLanguage\":\"fr-FR\",\"@id\":\"https:\/\/yeux-coccinelle.fr\/blog\/#\/schema\/person\/image\/\",\"url\":\"https:\/\/yeux-coccinelle.fr\/blog\/wp-content\/uploads\/2021\/08\/vlcsnap-2021-08-10-11h28m42s985.png\",\"contentUrl\":\"https:\/\/yeux-coccinelle.fr\/blog\/wp-content\/uploads\/2021\/08\/vlcsnap-2021-08-10-11h28m42s985.png\",\"width\":1920,\"height\":1080,\"caption\":\"Laur\u00e9line Reynaud\"},\"logo\":{\"@id\":\"https:\/\/yeux-coccinelle.fr\/blog\/#\/schema\/person\/image\/\"},\"description\":\"Photographe beaut\u00e9 dipl\u00f4m\u00e9e de l'une des plus grande \u00e9coles de photographie Parisienne (Gobelins, l'\u00e9cole de l'image), je consid\u00e8re mon blog et mes r\u00e9seaux comme un journal. J'y relate mes 5 ann\u00e9es d'\u00e9tudes et ma professionnalisation : retours d'exp\u00e9riences, conseils et astuces de prise de vue ou de retouche, curation de contenu et inspirations, discussions Business, etc.\",\"sameAs\":[\"http:\/\/yeux-coccinelle.fr\",\"https:\/\/www.instagram.com\/yeux.coccinelle_blog\",\"https:\/\/www.pinterest.fr\/parlesyeuxdelacoccinelle\"]}]}<\/script>\n<!-- \/ Yoast SEO plugin. -->","yoast_head_json":{"title":"Mes r\u00e9ponses \u00e0 vos questions - Par les yeux de la coccinelle","robots":{"index":"index","follow":"follow","max-snippet":"max-snippet:-1","max-image-preview":"max-image-preview:large","max-video-preview":"max-video-preview:-1"},"canonical":"https:\/\/yeux-coccinelle.fr\/blog\/mes-reponses-a-vos-questions\/","og_locale":"fr_FR","og_type":"article","og_title":"Mes r\u00e9ponses \u00e0 vos questions - Par les yeux de la coccinelle","og_description":"Il y a des questions qui reviennent r\u00e9guli\u00e8rement, que ce soit en commentaires, par mail ou sur les r\u00e9seaux sociaux. Des questions que vous \u00eates nombreux \u00e0 me poser, sous diff\u00e9rentes formes. J\u2019ai essay\u00e9 de les regrouper ici, et de vous donner mes r\u00e9ponses. Je ne suis pas omnisciente. Je ne repr\u00e9sente pas l\u2019int\u00e9gralit\u00e9 des [&hellip;]","og_url":"https:\/\/yeux-coccinelle.fr\/blog\/mes-reponses-a-vos-questions\/","og_site_name":"Par les yeux de la coccinelle","article_modified_time":"2019-02-16T16:44:32+00:00","twitter_card":"summary_large_image","twitter_misc":{"Dur\u00e9e de lecture estim\u00e9e":"6 minutes"},"schema":{"@context":"https:\/\/schema.org","@graph":[{"@type":"WebPage","@id":"https:\/\/yeux-coccinelle.fr\/blog\/mes-reponses-a-vos-questions\/","url":"https:\/\/yeux-coccinelle.fr\/blog\/mes-reponses-a-vos-questions\/","name":"Mes r\u00e9ponses \u00e0 vos questions - Par les yeux de la coccinelle","isPartOf":{"@id":"https:\/\/yeux-coccinelle.fr\/blog\/#website"},"datePublished":"2019-01-03T12:14:54+00:00","dateModified":"2019-02-16T16:44:32+00:00","breadcrumb":{"@id":"https:\/\/yeux-coccinelle.fr\/blog\/mes-reponses-a-vos-questions\/#breadcrumb"},"inLanguage":"fr-FR","potentialAction":[{"@type":"ReadAction","target":["https:\/\/yeux-coccinelle.fr\/blog\/mes-reponses-a-vos-questions\/"]}]},{"@type":"BreadcrumbList","@id":"https:\/\/yeux-coccinelle.fr\/blog\/mes-reponses-a-vos-questions\/#breadcrumb","itemListElement":[{"@type":"ListItem","position":1,"name":"Accueil","item":"https:\/\/yeux-coccinelle.fr\/blog\/"},{"@type":"ListItem","position":2,"name":"Mes r\u00e9ponses \u00e0 vos questions"}]},{"@type":"WebSite","@id":"https:\/\/yeux-coccinelle.fr\/blog\/#website","url":"https:\/\/yeux-coccinelle.fr\/blog\/","name":"Par les yeux de la coccinelle","description":"partage d&#039;exp\u00e9rience et qu\u00eate d&#039;images","publisher":{"@id":"https:\/\/yeux-coccinelle.fr\/blog\/#\/schema\/person\/a23d16b5d4e9f0e58474cb6e45973473"},"potentialAction":[{"@type":"SearchAction","target":{"@type":"EntryPoint","urlTemplate":"https:\/\/yeux-coccinelle.fr\/blog\/?s={search_term_string}"},"query-input":{"@type":"PropertyValueSpecification","valueRequired":true,"valueName":"search_term_string"}}],"inLanguage":"fr-FR"},{"@type":["Person","Organization"],"@id":"https:\/\/yeux-coccinelle.fr\/blog\/#\/schema\/person\/a23d16b5d4e9f0e58474cb6e45973473","name":"Laur\u00e9line Reynaud","image":{"@type":"ImageObject","inLanguage":"fr-FR","@id":"https:\/\/yeux-coccinelle.fr\/blog\/#\/schema\/person\/image\/","url":"https:\/\/yeux-coccinelle.fr\/blog\/wp-content\/uploads\/2021\/08\/vlcsnap-2021-08-10-11h28m42s985.png","contentUrl":"https:\/\/yeux-coccinelle.fr\/blog\/wp-content\/uploads\/2021\/08\/vlcsnap-2021-08-10-11h28m42s985.png","width":1920,"height":1080,"caption":"Laur\u00e9line Reynaud"},"logo":{"@id":"https:\/\/yeux-coccinelle.fr\/blog\/#\/schema\/person\/image\/"},"description":"Photographe beaut\u00e9 dipl\u00f4m\u00e9e de l'une des plus grande \u00e9coles de photographie Parisienne (Gobelins, l'\u00e9cole de l'image), je consid\u00e8re mon blog et mes r\u00e9seaux comme un journal. J'y relate mes 5 ann\u00e9es d'\u00e9tudes et ma professionnalisation : retours d'exp\u00e9riences, conseils et astuces de prise de vue ou de retouche, curation de contenu et inspirations, discussions Business, etc.","sameAs":["http:\/\/yeux-coccinelle.fr","https:\/\/www.instagram.com\/yeux.coccinelle_blog","https:\/\/www.pinterest.fr\/parlesyeuxdelacoccinelle"]}]}},"jetpack_sharing_enabled":true,"_links":{"self":[{"href":"https:\/\/yeux-coccinelle.fr\/blog\/wp-json\/wp\/v2\/pages\/2292"}],"collection":[{"href":"https:\/\/yeux-coccinelle.fr\/blog\/wp-json\/wp\/v2\/pages"}],"about":[{"href":"https:\/\/yeux-coccinelle.fr\/blog\/wp-json\/wp\/v2\/types\/page"}],"author":[{"embeddable":true,"href":"https:\/\/yeux-coccinelle.fr\/blog\/wp-json\/wp\/v2\/users\/1"}],"replies":[{"embeddable":true,"href":"https:\/\/yeux-coccinelle.fr\/blog\/wp-json\/wp\/v2\/comments?post=2292"}],"version-history":[{"count":7,"href":"https:\/\/yeux-coccinelle.fr\/blog\/wp-json\/wp\/v2\/pages\/2292\/revisions"}],"predecessor-version":[{"id":2369,"href":"https:\/\/yeux-coccinelle.fr\/blog\/wp-json\/wp\/v2\/pages\/2292\/revisions\/2369"}],"wp:attachment":[{"href":"https:\/\/yeux-coccinelle.fr\/blog\/wp-json\/wp\/v2\/media?parent=2292"}],"curies":[{"name":"wp","href":"https:\/\/api.w.org\/{rel}","templated":true}]}}